{"id":2725,"date":"2026-01-28T11:28:25","date_gmt":"2026-01-28T11:28:25","guid":{"rendered":"https:\/\/soniasoleil.com\/?post_type=product&#038;p=2725"},"modified":"2026-01-29T15:16:33","modified_gmt":"2026-01-29T15:16:33","slug":"ayurveda-en-invierno","status":"publish","type":"product","link":"https:\/\/soniasoleil.com\/eng\/product\/ayurveda-en-invierno\/","title":{"rendered":"Ayurveda en Invierno"},"content":{"rendered":"<p>\u2728\ud83c\udf42\u00a0<strong>Nuevo Ciclo de Ayurveda Oto\u00f1o &#8211; Invierno<\/strong>\u00a0\ud83c\udf42\u2728<br \/>\n4 clases especiales para acompa\u00f1arte con calma, calor y presencia durante los meses m\u00e1s fr\u00edos del a\u00f1o.<\/p>\n<p>El oto\u00f1o y el\u00a0invierno es un tiempo para bajar al cuerpo, para hacer ra\u00edz, para nutrirnos y sostenernos desde dentro.<br \/>\nPor eso he preparado un ciclo completo donde uniremos:<br \/>\n\ud83e\uddd8\u200d\u2640\ufe0f movimiento suave<br \/>\n\ud83c\udf2c\ufe0f respiraci\u00f3n<br \/>\n\ud83d\udcd6 teor\u00eda ayurv\u00e9dica<br \/>\n\ud83c\udf72 cocina medicina<br \/>\n\u2728 autocuidado profundo<\/p>","protected":false},"excerpt":{"rendered":"<p>4 clases especiales de 90 minutos cada una, para acompa\u00f1arte con calma, calor y presencia durante los meses m\u00e1s fr\u00edos del a\u00f1o.<\/p>","protected":false},"featured_media":2722,"comment_status":"closed","ping_status":"closed","template":"","meta":{"_acf_changed":false},"product_brand":[],"product_cat":[43],"product_tag":[68],"class_list":{"0":"post-2725","1":"product","2":"type-product","3":"status-publish","4":"has-post-thumbnail","6":"product_cat-curso-online","7":"product_tag-ayurveda","8":"post","10":"first","11":"instock","12":"sale","13":"taxable","14":"shipping-taxable","15":"purchasable","16":"product-type-simple"},"acf":[],"_links":{"self":[{"href":"https:\/\/soniasoleil.com\/eng\/wp-json\/wp\/v2\/product\/2725","targetHints":{"allow":["GET"]}}],"collection":[{"href":"https:\/\/soniasoleil.com\/eng\/wp-json\/wp\/v2\/product"}],"about":[{"href":"https:\/\/soniasoleil.com\/eng\/wp-json\/wp\/v2\/types\/product"}],"replies":[{"embeddable":true,"href":"https:\/\/soniasoleil.com\/eng\/wp-json\/wp\/v2\/comments?post=2725"}],"wp:featuredmedia":[{"embeddable":true,"href":"https:\/\/soniasoleil.com\/eng\/wp-json\/wp\/v2\/media\/2722"}],"wp:attachment":[{"href":"https:\/\/soniasoleil.com\/eng\/wp-json\/wp\/v2\/media?parent=2725"}],"wp:term":[{"taxonomy":"product_brand","embeddable":true,"href":"https:\/\/soniasoleil.com\/eng\/wp-json\/wp\/v2\/product_brand?post=2725"},{"taxonomy":"product_cat","embeddable":true,"href":"https:\/\/soniasoleil.com\/eng\/wp-json\/wp\/v2\/product_cat?post=2725"},{"taxonomy":"product_tag","embeddable":true,"href":"https:\/\/soniasoleil.com\/eng\/wp-json\/wp\/v2\/product_tag?post=2725"}],"curies":[{"name":"wp","href":"https:\/\/api.w.org\/{rel}","templated":true}]}}