{"id":1148,"date":"2025-11-19T15:06:42","date_gmt":"2025-11-19T15:06:42","guid":{"rendered":"https:\/\/soniasoleil.com\/mi-cuenta\/"},"modified":"2025-12-18T12:41:23","modified_gmt":"2025-12-18T12:41:23","slug":"mi-cuenta","status":"publish","type":"page","link":"https:\/\/soniasoleil.com\/eng\/mi-cuenta\/","title":{"rendered":"My account"},"content":{"rendered":"<div data-elementor-type=\"wp-page\" data-elementor-id=\"1148\" class=\"elementor elementor-1148\" data-elementor-settings=\"{&quot;ha_cmc_init_switcher&quot;:&quot;no&quot;}\" data-elementor-post-type=\"page\">\n\t\t\t\t<div class=\"elementor-element elementor-element-15b00597 e-flex e-con-boxed e-con e-parent\" data-id=\"15b00597\" data-element_type=\"container\" data-settings=\"{&quot;_ha_eqh_enable&quot;:false}\">\n\t\t\t\t\t<div class=\"e-con-inner\">\n\t\t\t\t<div class=\"elementor-element elementor-element-e63e44e elementor-widget elementor-widget-heading\" data-id=\"e63e44e\" data-element_type=\"widget\" data-widget_type=\"heading.default\">\n\t\t\t\t\t<h2 class=\"elementor-heading-title elementor-size-default\">My account<\/h2>\t\t\t\t<\/div>\n\t\t\t\t<div class=\"elementor-element elementor-element-492a492 e-my-account-tabs-vertical elementor-widget elementor-widget-woocommerce-my-account\" data-id=\"492a492\" data-element_type=\"widget\" data-widget_type=\"woocommerce-my-account.default\">\n\t\t\t\t\t<div class=\"e-my-account-tab e-my-account-tab__\">\t\t\t<div class=\"woocommerce\"><\/div>\t\t<\/div>\n\t\t\t\t\t\t<\/div>\n\t\t\t\t\t<\/div>\n\t\t\t\t<\/div>\n\t\t\t\t<\/div>","protected":false},"excerpt":{"rendered":"<p>Escritorio Pedidos Cursos Descargas Direcciones M\u00e9todos de pago Detalles de la cuenta Cerrar sesi\u00f3n Hola ciudaliadev (\u00bfno eres ciudaliadev? Cerrar sesi\u00f3n) Desde el escritorio de tu cuenta puedes ver tus pedidos recientes, gestionar tus direcciones de env\u00edo y facturaci\u00f3n y editar tu contrase\u00f1a y los detalles de tu cuenta.<\/p>","protected":false},"author":1,"featured_media":0,"parent":0,"menu_order":0,"comment_status":"closed","ping_status":"closed","template":"","meta":{"_acf_changed":false,"footnotes":""},"class_list":["post-1148","page","type-page","status-publish","hentry"],"acf":[],"_links":{"self":[{"href":"https:\/\/soniasoleil.com\/eng\/wp-json\/wp\/v2\/pages\/1148","targetHints":{"allow":["GET"]}}],"collection":[{"href":"https:\/\/soniasoleil.com\/eng\/wp-json\/wp\/v2\/pages"}],"about":[{"href":"https:\/\/soniasoleil.com\/eng\/wp-json\/wp\/v2\/types\/page"}],"author":[{"embeddable":true,"href":"https:\/\/soniasoleil.com\/eng\/wp-json\/wp\/v2\/users\/1"}],"replies":[{"embeddable":true,"href":"https:\/\/soniasoleil.com\/eng\/wp-json\/wp\/v2\/comments?post=1148"}],"version-history":[{"count":12,"href":"https:\/\/soniasoleil.com\/eng\/wp-json\/wp\/v2\/pages\/1148\/revisions"}],"predecessor-version":[{"id":2174,"href":"https:\/\/soniasoleil.com\/eng\/wp-json\/wp\/v2\/pages\/1148\/revisions\/2174"}],"wp:attachment":[{"href":"https:\/\/soniasoleil.com\/eng\/wp-json\/wp\/v2\/media?parent=1148"}],"curies":[{"name":"wp","href":"https:\/\/api.w.org\/{rel}","templated":true}]}}